{"id":571,"date":"2023-02-04T06:25:10","date_gmt":"2023-02-04T05:25:10","guid":{"rendered":"https:\/\/ohlalaplacements.com\/?page_id=571"},"modified":"2023-10-11T15:10:17","modified_gmt":"2023-10-11T13:10:17","slug":"mentions-legales","status":"publish","type":"page","link":"https:\/\/ohlalaplacements.com\/en\/legal-notices\/","title":{"rendered":"Legal information"},"content":{"rendered":"<div data-elementor-type=\"wp-page\" data-elementor-id=\"571\" class=\"elementor elementor-571\" data-elementor-post-type=\"page\">\n\t\t\t\t<div class=\"elementor-element elementor-element-b5f491a e-flex e-con-boxed e-con e-parent\" data-id=\"b5f491a\" data-element_type=\"container\" data-e-type=\"container\" data-settings=\"{&quot;background_background&quot;:&quot;classic&quot;,&quot;jet_parallax_layout_list&quot;:[]}\">\n\t\t\t\t\t<div class=\"e-con-inner\">\n\t\t\t\t<div class=\"elementor-element elementor-element-6ef7446 elementor-widget__width-auto elementor-invisible elementor-widget elementor-widget-jet-headline\" data-id=\"6ef7446\" data-element_type=\"widget\" data-e-type=\"widget\" data-settings=\"{&quot;_animation&quot;:&quot;fadeInUp&quot;}\" data-widget_type=\"jet-headline.default\">\n\t\t\t\t<div class=\"elementor-widget-container\">\n\t\t\t\t\t<h1 class=\"jet-headline jet-headline--direction-horizontal\"><span class=\"jet-headline__part jet-headline__first\"><span class=\"jet-headline__label\">Legal<\/span><\/span><span class=\"jet-headline__space\">&nbsp;<\/span><span class=\"jet-headline__part jet-headline__second\"><span class=\"jet-headline__label\">Legal<\/span><\/span><\/h1>\t\t\t\t<\/div>\n\t\t\t\t<\/div>\n\t\t\t\t\t<\/div>\n\t\t\t\t<\/div>\n\t\t<div class=\"elementor-element elementor-element-1f4c022 e-flex e-con-boxed e-con e-parent\" data-id=\"1f4c022\" data-element_type=\"container\" data-e-type=\"container\" data-settings=\"{&quot;jet_parallax_layout_list&quot;:[]}\">\n\t\t\t\t\t<div class=\"e-con-inner\">\n\t\t<div class=\"elementor-element elementor-element-9015b7d e-con-full e-flex e-con e-child\" data-id=\"9015b7d\" data-element_type=\"container\" data-e-type=\"container\" data-settings=\"{&quot;jet_parallax_layout_list&quot;:[]}\">\n\t\t\t\t<div class=\"elementor-element elementor-element-d0cb52b elementor-widget elementor-widget-text-editor\" data-id=\"d0cb52b\" data-element_type=\"widget\" data-e-type=\"widget\" data-widget_type=\"text-editor.default\">\n\t\t\t\t<div class=\"elementor-widget-container\">\n\t\t\t\t\t\t\t\t\t<p><\/p>\n<p>The \"Ohlalaplacements.com\" website is the property of the company Ohlala Placements, registered under the SIRET number 95082807900018.<\/p>\n<p><\/p>\n<p><\/p>\n<p>Publication manager: J\u00e9r\u00f4me Gerbaud<\/p>\n<p><\/p>\n<p><\/p>\n<p>H\u00e9bergement du site : Hostinger\u00a0International Ltd.,\u00a061\u00a0Lordou\u00a0Vironos\u00a0str., 6023\u00a0Larnaca, Chypre\u00a0compliance@hostinger.com<\/p>\n<p><\/p>\n<p><\/p>\n<p>Site creator: webfreeyou.fr<\/p>\n<p><\/p>\n<p><\/p>\n<p>Credits: freepik and flaticon<\/p>\n<p><\/p>\n<p><\/p>\n<p>The information contained on this site is provided in good faith and is believed to be correct. However, Ohlala Placements cannot guarantee its accuracy and accepts no responsibility for any errors or omissions that may occur.<\/p>\n<p><\/p>\n<p><\/p>\n<p>Ohlala Placements reserves the right to modify the information contained on this site at any time and without prior notice.<\/p>\n<p><\/p>\n<p><\/p>\n<p>All elements of the site, including text, images, sound, logos and graphics, are protected by French and international copyright and intellectual property laws.<\/p>\n<p><\/p>\n<p><\/p>\n<p>Any total or partial reproduction or representation of this site by any means whatsoever without the express authorisation of Ohlala Placements is prohibited and constitutes an infringement punishable by articles L 335-2 et seq. of the French Intellectual Property Code.<\/p>\n<p><\/p>\n<p><\/p>\n<p>Les donn\u00e9es personnelles collect\u00e9es sur le site sont trait\u00e9es en conformit\u00e9 avec la loi Informatique et Libert\u00e9s du 6 janvier 1978 modifi\u00e9e. Les utilisateurs peuvent exercer leurs droits d&rsquo;acc\u00e8s, de rectification, de suppression et d&rsquo;opposition en contactant Ohlala Placements \u00e0 l&rsquo;adresse suivante : info@ohlalaplacements.com.<\/p>\n<p><\/p>\t\t\t\t\t\t\t\t<\/div>\n\t\t\t\t<\/div>\n\t\t\t\t<\/div>\n\t\t\t\t\t<\/div>\n\t\t\t\t<\/div>\n\t\t\t\t<\/div>","protected":false},"excerpt":{"rendered":"<p>Mentions&nbsp;L\u00e9gales Le site web \u00ab\u00a0Ohlalaplacements.com\u00a0\u00bb est la propri\u00e9t\u00e9 de l&rsquo;entreprise Ohlala Placements , immatricul\u00e9e sous le num\u00e9ro SIRET 95082807900018. Directeur de la publication : J\u00e9r\u00f4me Gerbaud H\u00e9bergement du site : Hostinger\u00a0International Ltd.,\u00a061\u00a0Lordou\u00a0Vironos\u00a0str., 6023\u00a0Larnaca, Chypre\u00a0compliance@hostinger.com Cr\u00e9ateur du site : webfreeyou.fr Cr\u00e9dits : freepik et flaticon Les informations contenues sur ce site sont fournies en toute bonne [&hellip;]<\/p>\n","protected":false},"author":3,"featured_media":0,"parent":0,"menu_order":0,"comment_status":"closed","ping_status":"closed","template":"","meta":{"footnotes":""},"class_list":["post-571","page","type-page","status-publish","hentry"],"_links":{"self":[{"href":"https:\/\/ohlalaplacements.com\/en\/wp-json\/wp\/v2\/pages\/571","targetHints":{"allow":["GET"]}}],"collection":[{"href":"https:\/\/ohlalaplacements.com\/en\/wp-json\/wp\/v2\/pages"}],"about":[{"href":"https:\/\/ohlalaplacements.com\/en\/wp-json\/wp\/v2\/types\/page"}],"author":[{"embeddable":true,"href":"https:\/\/ohlalaplacements.com\/en\/wp-json\/wp\/v2\/users\/3"}],"replies":[{"embeddable":true,"href":"https:\/\/ohlalaplacements.com\/en\/wp-json\/wp\/v2\/comments?post=571"}],"version-history":[{"count":7,"href":"https:\/\/ohlalaplacements.com\/en\/wp-json\/wp\/v2\/pages\/571\/revisions"}],"predecessor-version":[{"id":1402,"href":"https:\/\/ohlalaplacements.com\/en\/wp-json\/wp\/v2\/pages\/571\/revisions\/1402"}],"wp:attachment":[{"href":"https:\/\/ohlalaplacements.com\/en\/wp-json\/wp\/v2\/media?parent=571"}],"curies":[{"name":"wp","href":"https:\/\/api.w.org\/{rel}","templated":true}]}}