{"id":48,"date":"2022-10-15T14:08:37","date_gmt":"2022-10-15T12:08:37","guid":{"rendered":"https:\/\/ohlalaplacements.com\/?page_id=48"},"modified":"2023-02-14T10:53:24","modified_gmt":"2023-02-14T09:53:24","slug":"politique-de-confidentialite","status":"publish","type":"page","link":"https:\/\/ohlalaplacements.com\/es\/politica-de-privacidad\/","title":{"rendered":"Pol\u00edtica de privacidad"},"content":{"rendered":"<div data-elementor-type=\"wp-page\" data-elementor-id=\"48\" class=\"elementor elementor-48\" data-elementor-post-type=\"page\">\n\t\t\t\t<div class=\"elementor-element elementor-element-088120a e-flex e-con-boxed e-con e-parent\" data-id=\"088120a\" data-element_type=\"container\" data-e-type=\"container\" data-settings=\"{&quot;background_background&quot;:&quot;classic&quot;,&quot;jet_parallax_layout_list&quot;:[]}\">\n\t\t\t\t\t<div class=\"e-con-inner\">\n\t\t\t\t<div class=\"elementor-element elementor-element-f3cc45b elementor-widget__width-auto elementor-invisible elementor-widget elementor-widget-jet-headline\" data-id=\"f3cc45b\" data-element_type=\"widget\" data-e-type=\"widget\" data-settings=\"{&quot;_animation&quot;:&quot;fadeInUp&quot;}\" data-widget_type=\"jet-headline.default\">\n\t\t\t\t<div class=\"elementor-widget-container\">\n\t\t\t\t\t<h1 class=\"jet-headline jet-headline--direction-horizontal\"><span class=\"jet-headline__part jet-headline__first\"><span class=\"jet-headline__label\">Pol\u00edtica de<\/span><\/span><span class=\"jet-headline__space\">&nbsp;<\/span><span class=\"jet-headline__part jet-headline__second\"><span class=\"jet-headline__label\">confidencialidad<\/span><\/span><\/h1>\t\t\t\t<\/div>\n\t\t\t\t<\/div>\n\t\t\t\t\t<\/div>\n\t\t\t\t<\/div>\n\t\t<div class=\"elementor-element elementor-element-e71412d e-flex e-con-boxed e-con e-parent\" data-id=\"e71412d\" data-element_type=\"container\" data-e-type=\"container\" data-settings=\"{&quot;jet_parallax_layout_list&quot;:[]}\">\n\t\t\t\t\t<div class=\"e-con-inner\">\n\t\t<div class=\"elementor-element elementor-element-1942fd8 e-con-full e-flex e-con e-child\" data-id=\"1942fd8\" data-element_type=\"container\" data-e-type=\"container\" data-settings=\"{&quot;jet_parallax_layout_list&quot;:[]}\">\n\t\t\t\t<div class=\"elementor-element elementor-element-7a28230 elementor-widget elementor-widget-text-editor\" data-id=\"7a28230\" data-element_type=\"widget\" data-e-type=\"widget\" data-widget_type=\"text-editor.default\">\n\t\t\t\t<div class=\"elementor-widget-container\">\n\t\t\t\t\t\t\t\t\t<p><\/p>\n<p>Ohlala Placements se toma muy en serio la protecci\u00f3n de su informaci\u00f3n personal. El objetivo de esta pol\u00edtica de privacidad es informarle sobre c\u00f3mo recopilamos, utilizamos y protegemos su informaci\u00f3n personal cuando utiliza nuestro sitio web.<\/p>\n<p><\/p>\n<p><\/p>\n<p><b>Informaci\u00f3n personal recopilada<\/b><\/p>\n<p><\/p>\n<p><\/p>\n<p>Ohlala Placements puede recopilar informaci\u00f3n personal como su nombre, direcci\u00f3n de correo electr\u00f3nico y n\u00famero de tel\u00e9fono cuando rellena un formulario de contacto o se suscribe a nuestro bolet\u00edn. Tambi\u00e9n podemos recopilar informaci\u00f3n t\u00e9cnica, como informaci\u00f3n sobre su navegador y su direcci\u00f3n IP, cuando utiliza nuestro sitio.<\/p>\n<p><\/p>\n<p><\/p>\n<p><b>Uso de sus datos personales<\/b><\/p>\n<p><\/p>\n<p><\/p>\n<p>Utilizamos la informaci\u00f3n personal que recopilamos para ofrecerle un mejor servicio, responder a sus solicitudes y enviarle informaci\u00f3n sobre nuestros productos y servicios. Tambi\u00e9n podemos utilizar su informaci\u00f3n personal para enviarle correos electr\u00f3nicos de marketing, previo consentimiento por su parte.<\/p>\n<p><\/p>\n<p><\/p>\n<p><b>Compartir su informaci\u00f3n personal<\/b><\/p>\n<p><\/p>\n<p><\/p>\n<p>Ohlala Placements no compartir\u00e1 su informaci\u00f3n personal con terceros a menos que sea necesario para prestar un servicio o para cumplir con las leyes y reglamentos aplicables.<\/p>\n<p><\/p>\n<p><\/p>\n<p><b>Protecci\u00f3n de sus datos personales<\/b><\/p>\n<p><\/p>\n<p><\/p>\n<p>Ohlala Placements aplica medidas de seguridad adecuadas para proteger su informaci\u00f3n personal contra la p\u00e9rdida, el uso indebido, el acceso no autorizado, la alteraci\u00f3n y la destrucci\u00f3n.<\/p>\n<p><\/p>\n<p><\/p>\n<p><b>Sus derechos<\/b><\/p>\n<p><\/p>\n<p><\/p>\n<p>Vous avez le droit de demander une copie de vos informations personnelles en notre possession et de demander la correction de toute information erron\u00e9e. Vous pouvez \u00e9galement vous opposer \u00e0 l&rsquo;utilisation de vos informations personnelles pour des fins de marketing direct en contactant Ohlala Placements \u00e0 l&rsquo;adresse suivante : info@ohlalaplacements.com.<\/p>\n<p><\/p>\n<p><\/p>\n<p><b>Actualizaciones de la pol\u00edtica de privacidad<\/b><\/p>\n<p><\/p>\n<p><\/p>\n<p>Ohlala Investments puede actualizar esta pol\u00edtica de privacidad de vez en cuando para reflejar los cambios en nuestro sitio web y el uso que hacemos de su informaci\u00f3n personal. Le invitamos a consultar esta pol\u00edtica con regularidad para mantenerse informado de las medidas que adoptamos para proteger su informaci\u00f3n personal.<\/p>\n<p><\/p>\t\t\t\t\t\t\t\t<\/div>\n\t\t\t\t<\/div>\n\t\t\t\t<\/div>\n\t\t\t\t\t<\/div>\n\t\t\t\t<\/div>\n\t\t\t\t<\/div>","protected":false},"excerpt":{"rendered":"<p>Politique de&nbsp;confidentialit\u00e9 Ohlala Placements prend tr\u00e8s au s\u00e9rieux la protection de vos informations personnelles. Cette politique de confidentialit\u00e9 a pour but de vous informer sur la mani\u00e8re dont nous collectons, utilisons et prot\u00e9geons vos informations personnelles lorsque vous utilisez notre site web. Informations personnelles collect\u00e9es Ohlala Placements peut collecter des informations personnelles telles que votre [&hellip;]<\/p>\n","protected":false},"author":3,"featured_media":0,"parent":0,"menu_order":0,"comment_status":"closed","ping_status":"closed","template":"","meta":{"footnotes":""},"class_list":["post-48","page","type-page","status-publish","hentry"],"_links":{"self":[{"href":"https:\/\/ohlalaplacements.com\/es\/wp-json\/wp\/v2\/pages\/48","targetHints":{"allow":["GET"]}}],"collection":[{"href":"https:\/\/ohlalaplacements.com\/es\/wp-json\/wp\/v2\/pages"}],"about":[{"href":"https:\/\/ohlalaplacements.com\/es\/wp-json\/wp\/v2\/types\/page"}],"author":[{"embeddable":true,"href":"https:\/\/ohlalaplacements.com\/es\/wp-json\/wp\/v2\/users\/3"}],"replies":[{"embeddable":true,"href":"https:\/\/ohlalaplacements.com\/es\/wp-json\/wp\/v2\/comments?post=48"}],"version-history":[{"count":0,"href":"https:\/\/ohlalaplacements.com\/es\/wp-json\/wp\/v2\/pages\/48\/revisions"}],"wp:attachment":[{"href":"https:\/\/ohlalaplacements.com\/es\/wp-json\/wp\/v2\/media?parent=48"}],"curies":[{"name":"wp","href":"https:\/\/api.w.org\/{rel}","templated":true}]}}