{"id":571,"date":"2023-02-04T06:25:10","date_gmt":"2023-02-04T05:25:10","guid":{"rendered":"https:\/\/ohlalaplacements.com\/?page_id=571"},"modified":"2023-10-11T15:10:17","modified_gmt":"2023-10-11T13:10:17","slug":"mentions-legales","status":"publish","type":"page","link":"https:\/\/ohlalaplacements.com\/es\/avisos-legales\/","title":{"rendered":"Informaci\u00f3n jur\u00eddica"},"content":{"rendered":"<div data-elementor-type=\"wp-page\" data-elementor-id=\"571\" class=\"elementor elementor-571\" data-elementor-post-type=\"page\">\n\t\t\t\t<div class=\"elementor-element elementor-element-b5f491a e-flex e-con-boxed e-con e-parent\" data-id=\"b5f491a\" data-element_type=\"container\" data-e-type=\"container\" data-settings=\"{&quot;background_background&quot;:&quot;classic&quot;,&quot;jet_parallax_layout_list&quot;:[]}\">\n\t\t\t\t\t<div class=\"e-con-inner\">\n\t\t\t\t<div class=\"elementor-element elementor-element-6ef7446 elementor-widget__width-auto elementor-invisible elementor-widget elementor-widget-jet-headline\" data-id=\"6ef7446\" data-element_type=\"widget\" data-e-type=\"widget\" data-settings=\"{&quot;_animation&quot;:&quot;fadeInUp&quot;}\" data-widget_type=\"jet-headline.default\">\n\t\t\t\t<div class=\"elementor-widget-container\">\n\t\t\t\t\t<h1 class=\"jet-headline jet-headline--direction-horizontal\"><span class=\"jet-headline__part jet-headline__first\"><span class=\"jet-headline__label\">Aviso<\/span><\/span><span class=\"jet-headline__space\">&nbsp;<\/span><span class=\"jet-headline__part jet-headline__second\"><span class=\"jet-headline__label\">Legal<\/span><\/span><\/h1>\t\t\t\t<\/div>\n\t\t\t\t<\/div>\n\t\t\t\t\t<\/div>\n\t\t\t\t<\/div>\n\t\t<div class=\"elementor-element elementor-element-1f4c022 e-flex e-con-boxed e-con e-parent\" data-id=\"1f4c022\" data-element_type=\"container\" data-e-type=\"container\" data-settings=\"{&quot;jet_parallax_layout_list&quot;:[]}\">\n\t\t\t\t\t<div class=\"e-con-inner\">\n\t\t<div class=\"elementor-element elementor-element-9015b7d e-con-full e-flex e-con e-child\" data-id=\"9015b7d\" data-element_type=\"container\" data-e-type=\"container\" data-settings=\"{&quot;jet_parallax_layout_list&quot;:[]}\">\n\t\t\t\t<div class=\"elementor-element elementor-element-d0cb52b elementor-widget elementor-widget-text-editor\" data-id=\"d0cb52b\" data-element_type=\"widget\" data-e-type=\"widget\" data-widget_type=\"text-editor.default\">\n\t\t\t\t<div class=\"elementor-widget-container\">\n\t\t\t\t\t\t\t\t\t<p><\/p>\n<p>El sitio web \"Ohlalaplacements.com\" es propiedad de la empresa Ohlala Placements, registrada con el n\u00famero SIRET 95082807900018.<\/p>\n<p><\/p>\n<p><\/p>\n<p>Director de la publicaci\u00f3n: J\u00e9r\u00f4me Gerbaud<\/p>\n<p><\/p>\n<p><\/p>\n<p>Alojamiento web: Hostinger International Ltd, 61 Lordou Vironos str, 6023 Larnaca, Chipre compliance@hostinger.com<\/p>\n<p><\/p>\n<p><\/p>\n<p>Creador del sitio: webfreeyou.fr<\/p>\n<p><\/p>\n<p><\/p>\n<p>Cr\u00e9ditos: freepik y flaticon<\/p>\n<p><\/p>\n<p><\/p>\n<p>La informaci\u00f3n contenida en este sitio se facilita de buena fe y se considera correcta. Sin embargo, Ohlala Placements no puede garantizar su exactitud y no acepta ninguna responsabilidad por los errores u omisiones que puedan producirse.<\/p>\n<p><\/p>\n<p><\/p>\n<p>Ohlala Placements se reserva el derecho de modificar la informaci\u00f3n contenida en este sitio en cualquier momento y sin previo aviso.<\/p>\n<p><\/p>\n<p><\/p>\n<p>Todos los elementos del sitio, incluidos textos, im\u00e1genes, sonidos, logotipos y gr\u00e1ficos, est\u00e1n protegidos por la legislaci\u00f3n francesa e internacional sobre derechos de autor y propiedad intelectual.<\/p>\n<p><\/p>\n<p><\/p>\n<p>Cualquier reproducci\u00f3n o representaci\u00f3n total o parcial de este sitio por cualquier medio sin la autorizaci\u00f3n expresa de Ohlala Placements est\u00e1 prohibida y constituye una infracci\u00f3n sancionada por los art\u00edculos L 335-2 y siguientes del C\u00f3digo franc\u00e9s de la Propiedad Intelectual.<\/p>\n<p><\/p>\n<p><\/p>\n<p>Los datos personales recogidos en el sitio web se procesan de conformidad con la Ley francesa de Protecci\u00f3n de Datos modificada del 6 de enero de 1978. Los usuarios pueden ejercer sus derechos de acceso, rectificaci\u00f3n, supresi\u00f3n y oposici\u00f3n dirigi\u00e9ndose a Ohlala Placements en la siguiente direcci\u00f3n: info@ohlalaplacements.com.<\/p>\n<p><\/p>\t\t\t\t\t\t\t\t<\/div>\n\t\t\t\t<\/div>\n\t\t\t\t<\/div>\n\t\t\t\t\t<\/div>\n\t\t\t\t<\/div>\n\t\t\t\t<\/div>","protected":false},"excerpt":{"rendered":"<p>Mentions&nbsp;L\u00e9gales Le site web \u00ab\u00a0Ohlalaplacements.com\u00a0\u00bb est la propri\u00e9t\u00e9 de l&rsquo;entreprise Ohlala Placements , immatricul\u00e9e sous le num\u00e9ro SIRET 95082807900018. Directeur de la publication : J\u00e9r\u00f4me Gerbaud H\u00e9bergement du site : Hostinger\u00a0International Ltd.,\u00a061\u00a0Lordou\u00a0Vironos\u00a0str., 6023\u00a0Larnaca, Chypre\u00a0compliance@hostinger.com Cr\u00e9ateur du site : webfreeyou.fr Cr\u00e9dits : freepik et flaticon Les informations contenues sur ce site sont fournies en toute bonne [&hellip;]<\/p>\n","protected":false},"author":3,"featured_media":0,"parent":0,"menu_order":0,"comment_status":"closed","ping_status":"closed","template":"","meta":{"footnotes":""},"class_list":["post-571","page","type-page","status-publish","hentry"],"_links":{"self":[{"href":"https:\/\/ohlalaplacements.com\/es\/wp-json\/wp\/v2\/pages\/571","targetHints":{"allow":["GET"]}}],"collection":[{"href":"https:\/\/ohlalaplacements.com\/es\/wp-json\/wp\/v2\/pages"}],"about":[{"href":"https:\/\/ohlalaplacements.com\/es\/wp-json\/wp\/v2\/types\/page"}],"author":[{"embeddable":true,"href":"https:\/\/ohlalaplacements.com\/es\/wp-json\/wp\/v2\/users\/3"}],"replies":[{"embeddable":true,"href":"https:\/\/ohlalaplacements.com\/es\/wp-json\/wp\/v2\/comments?post=571"}],"version-history":[{"count":7,"href":"https:\/\/ohlalaplacements.com\/es\/wp-json\/wp\/v2\/pages\/571\/revisions"}],"predecessor-version":[{"id":1402,"href":"https:\/\/ohlalaplacements.com\/es\/wp-json\/wp\/v2\/pages\/571\/revisions\/1402"}],"wp:attachment":[{"href":"https:\/\/ohlalaplacements.com\/es\/wp-json\/wp\/v2\/media?parent=571"}],"curies":[{"name":"wp","href":"https:\/\/api.w.org\/{rel}","templated":true}]}}