{"id":48,"date":"2022-10-15T14:08:37","date_gmt":"2022-10-15T12:08:37","guid":{"rendered":"https:\/\/ohlalaplacements.com\/?page_id=48"},"modified":"2023-02-14T10:53:24","modified_gmt":"2023-02-14T09:53:24","slug":"politique-de-confidentialite","status":"publish","type":"page","link":"https:\/\/ohlalaplacements.com\/it\/informativa-sulla-privacy\/","title":{"rendered":"Informativa sulla privacy"},"content":{"rendered":"<div data-elementor-type=\"wp-page\" data-elementor-id=\"48\" class=\"elementor elementor-48\" data-elementor-post-type=\"page\">\n\t\t\t\t<div class=\"elementor-element elementor-element-088120a e-flex e-con-boxed e-con e-parent\" data-id=\"088120a\" data-element_type=\"container\" data-e-type=\"container\" data-settings=\"{&quot;background_background&quot;:&quot;classic&quot;,&quot;jet_parallax_layout_list&quot;:[]}\">\n\t\t\t\t\t<div class=\"e-con-inner\">\n\t\t\t\t<div class=\"elementor-element elementor-element-f3cc45b elementor-widget__width-auto elementor-invisible elementor-widget elementor-widget-jet-headline\" data-id=\"f3cc45b\" data-element_type=\"widget\" data-e-type=\"widget\" data-settings=\"{&quot;_animation&quot;:&quot;fadeInUp&quot;}\" data-widget_type=\"jet-headline.default\">\n\t\t\t\t<div class=\"elementor-widget-container\">\n\t\t\t\t\t<h1 class=\"jet-headline jet-headline--direction-horizontal\"><span class=\"jet-headline__part jet-headline__first\"><span class=\"jet-headline__label\">Politica su<\/span><\/span><span class=\"jet-headline__space\">&nbsp;<\/span><span class=\"jet-headline__part jet-headline__second\"><span class=\"jet-headline__label\">riservatezza<\/span><\/span><\/h1>\t\t\t\t<\/div>\n\t\t\t\t<\/div>\n\t\t\t\t\t<\/div>\n\t\t\t\t<\/div>\n\t\t<div class=\"elementor-element elementor-element-e71412d e-flex e-con-boxed e-con e-parent\" data-id=\"e71412d\" data-element_type=\"container\" data-e-type=\"container\" data-settings=\"{&quot;jet_parallax_layout_list&quot;:[]}\">\n\t\t\t\t\t<div class=\"e-con-inner\">\n\t\t<div class=\"elementor-element elementor-element-1942fd8 e-con-full e-flex e-con e-child\" data-id=\"1942fd8\" data-element_type=\"container\" data-e-type=\"container\" data-settings=\"{&quot;jet_parallax_layout_list&quot;:[]}\">\n\t\t\t\t<div class=\"elementor-element elementor-element-7a28230 elementor-widget elementor-widget-text-editor\" data-id=\"7a28230\" data-element_type=\"widget\" data-e-type=\"widget\" data-widget_type=\"text-editor.default\">\n\t\t\t\t<div class=\"elementor-widget-container\">\n\t\t\t\t\t\t\t\t\t<p><\/p>\n<p>Ohlala Placements prende molto sul serio la protezione dei vostri dati personali. Lo scopo di questa informativa sulla privacy \u00e8 quello di informarvi su come raccogliamo, utilizziamo e proteggiamo le vostre informazioni personali quando utilizzate il nostro sito web.<\/p>\n<p><\/p>\n<p><\/p>\n<p><b>Informazioni personali raccolte<\/b><\/p>\n<p><\/p>\n<p><\/p>\n<p>Ohlala Placements pu\u00f2 raccogliere informazioni personali come il vostro nome, indirizzo e-mail e numero di telefono quando compilate un modulo di contatto o vi iscrivete alla nostra newsletter. Possiamo anche raccogliere informazioni tecniche, come quelle relative al vostro browser e al vostro indirizzo IP, quando utilizzate il nostro sito.<\/p>\n<p><\/p>\n<p><\/p>\n<p><b>Utilizzo delle informazioni personali<\/b><\/p>\n<p><\/p>\n<p><\/p>\n<p>Utilizziamo le informazioni personali raccolte per fornirvi un servizio migliore, per rispondere alle vostre richieste e per inviarvi informazioni sui nostri prodotti e servizi. Potremmo anche utilizzare i vostri dati personali per inviarvi e-mail di marketing, previo vostro consenso.<\/p>\n<p><\/p>\n<p><\/p>\n<p><b>Condivisione delle informazioni personali<\/b><\/p>\n<p><\/p>\n<p><\/p>\n<p>Ohlala Placements non condivider\u00e0 i vostri dati personali con terzi, a meno che ci\u00f2 non sia necessario per fornire un servizio o per rispettare le leggi e i regolamenti applicabili.<\/p>\n<p><\/p>\n<p><\/p>\n<p><b>Protezione delle informazioni personali<\/b><\/p>\n<p><\/p>\n<p><\/p>\n<p>Ohlala Placements adotta misure di sicurezza adeguate per proteggere i vostri dati personali da perdita, uso improprio, accesso non autorizzato, alterazione e distruzione.<\/p>\n<p><\/p>\n<p><\/p>\n<p><b>I vostri diritti<\/b><\/p>\n<p><\/p>\n<p><\/p>\n<p>Vous avez le droit de demander une copie de vos informations personnelles en notre possession et de demander la correction de toute information erron\u00e9e. Vous pouvez \u00e9galement vous opposer \u00e0 l&rsquo;utilisation de vos informations personnelles pour des fins de marketing direct en contactant Ohlala Placements \u00e0 l&rsquo;adresse suivante : info@ohlalaplacements.com.<\/p>\n<p><\/p>\n<p><\/p>\n<p><b>Aggiornamenti all'informativa sulla privacy<\/b><\/p>\n<p><\/p>\n<p><\/p>\n<p>Ohlala Investments pu\u00f2 aggiornare periodicamente la presente informativa sulla privacy per riflettere le modifiche apportate al nostro sito web e all'utilizzo dei vostri dati personali. Vi invitiamo a consultare regolarmente questa informativa per rimanere informati sulle misure adottate per proteggere i vostri dati personali.<\/p>\n<p><\/p>\t\t\t\t\t\t\t\t<\/div>\n\t\t\t\t<\/div>\n\t\t\t\t<\/div>\n\t\t\t\t\t<\/div>\n\t\t\t\t<\/div>\n\t\t\t\t<\/div>","protected":false},"excerpt":{"rendered":"<p>Politique de&nbsp;confidentialit\u00e9 Ohlala Placements prend tr\u00e8s au s\u00e9rieux la protection de vos informations personnelles. Cette politique de confidentialit\u00e9 a pour but de vous informer sur la mani\u00e8re dont nous collectons, utilisons et prot\u00e9geons vos informations personnelles lorsque vous utilisez notre site web. Informations personnelles collect\u00e9es Ohlala Placements peut collecter des informations personnelles telles que votre [&hellip;]<\/p>\n","protected":false},"author":3,"featured_media":0,"parent":0,"menu_order":0,"comment_status":"closed","ping_status":"closed","template":"","meta":{"footnotes":""},"class_list":["post-48","page","type-page","status-publish","hentry"],"_links":{"self":[{"href":"https:\/\/ohlalaplacements.com\/it\/wp-json\/wp\/v2\/pages\/48","targetHints":{"allow":["GET"]}}],"collection":[{"href":"https:\/\/ohlalaplacements.com\/it\/wp-json\/wp\/v2\/pages"}],"about":[{"href":"https:\/\/ohlalaplacements.com\/it\/wp-json\/wp\/v2\/types\/page"}],"author":[{"embeddable":true,"href":"https:\/\/ohlalaplacements.com\/it\/wp-json\/wp\/v2\/users\/3"}],"replies":[{"embeddable":true,"href":"https:\/\/ohlalaplacements.com\/it\/wp-json\/wp\/v2\/comments?post=48"}],"version-history":[{"count":0,"href":"https:\/\/ohlalaplacements.com\/it\/wp-json\/wp\/v2\/pages\/48\/revisions"}],"wp:attachment":[{"href":"https:\/\/ohlalaplacements.com\/it\/wp-json\/wp\/v2\/media?parent=48"}],"curies":[{"name":"wp","href":"https:\/\/api.w.org\/{rel}","templated":true}]}}