{"id":48,"date":"2022-10-15T14:08:37","date_gmt":"2022-10-15T12:08:37","guid":{"rendered":"https:\/\/ohlalaplacements.com\/?page_id=48"},"modified":"2023-02-14T10:53:24","modified_gmt":"2023-02-14T09:53:24","slug":"politique-de-confidentialite","status":"publish","type":"page","link":"https:\/\/ohlalaplacements.com\/pt\/politica-de-privacidade\/","title":{"rendered":"Pol\u00edtica de Privacidade"},"content":{"rendered":"<div data-elementor-type=\"wp-page\" data-elementor-id=\"48\" class=\"elementor elementor-48\" data-elementor-post-type=\"page\">\n\t\t\t\t<div class=\"elementor-element elementor-element-088120a e-flex e-con-boxed e-con e-parent\" data-id=\"088120a\" data-element_type=\"container\" data-e-type=\"container\" data-settings=\"{&quot;background_background&quot;:&quot;classic&quot;,&quot;jet_parallax_layout_list&quot;:[]}\">\n\t\t\t\t\t<div class=\"e-con-inner\">\n\t\t\t\t<div class=\"elementor-element elementor-element-f3cc45b elementor-widget__width-auto elementor-invisible elementor-widget elementor-widget-jet-headline\" data-id=\"f3cc45b\" data-element_type=\"widget\" data-e-type=\"widget\" data-settings=\"{&quot;_animation&quot;:&quot;fadeInUp&quot;}\" data-widget_type=\"jet-headline.default\">\n\t\t\t\t<div class=\"elementor-widget-container\">\n\t\t\t\t\t<h1 class=\"jet-headline jet-headline--direction-horizontal\"><span class=\"jet-headline__part jet-headline__first\"><span class=\"jet-headline__label\">Pol\u00edtica sobre<\/span><\/span><span class=\"jet-headline__space\">&nbsp;<\/span><span class=\"jet-headline__part jet-headline__second\"><span class=\"jet-headline__label\">confidencialidade<\/span><\/span><\/h1>\t\t\t\t<\/div>\n\t\t\t\t<\/div>\n\t\t\t\t\t<\/div>\n\t\t\t\t<\/div>\n\t\t<div class=\"elementor-element elementor-element-e71412d e-flex e-con-boxed e-con e-parent\" data-id=\"e71412d\" data-element_type=\"container\" data-e-type=\"container\" data-settings=\"{&quot;jet_parallax_layout_list&quot;:[]}\">\n\t\t\t\t\t<div class=\"e-con-inner\">\n\t\t<div class=\"elementor-element elementor-element-1942fd8 e-con-full e-flex e-con e-child\" data-id=\"1942fd8\" data-element_type=\"container\" data-e-type=\"container\" data-settings=\"{&quot;jet_parallax_layout_list&quot;:[]}\">\n\t\t\t\t<div class=\"elementor-element elementor-element-7a28230 elementor-widget elementor-widget-text-editor\" data-id=\"7a28230\" data-element_type=\"widget\" data-e-type=\"widget\" data-widget_type=\"text-editor.default\">\n\t\t\t\t<div class=\"elementor-widget-container\">\n\t\t\t\t\t\t\t\t\t<p><\/p>\n<p>A Ohlala Placements leva muito a s\u00e9rio a prote\u00e7\u00e3o das suas informa\u00e7\u00f5es pessoais. O objetivo desta pol\u00edtica de privacidade \u00e9 inform\u00e1-lo sobre a forma como recolhemos, utilizamos e protegemos as suas informa\u00e7\u00f5es pessoais quando utiliza o nosso s\u00edtio Web.<\/p>\n<p><\/p>\n<p><\/p>\n<p><b>Informa\u00e7\u00f5es pessoais recolhidas<\/b><\/p>\n<p><\/p>\n<p><\/p>\n<p>A Ohlala Placements pode recolher informa\u00e7\u00f5es pessoais, como o seu nome, endere\u00e7o de correio eletr\u00f3nico e n\u00famero de telefone, quando preenche um formul\u00e1rio de contacto ou subscreve a nossa newsletter. Podemos tamb\u00e9m recolher informa\u00e7\u00f5es t\u00e9cnicas, tais como informa\u00e7\u00f5es sobre o seu navegador e o seu endere\u00e7o IP, quando utiliza o nosso s\u00edtio.<\/p>\n<p><\/p>\n<p><\/p>\n<p><b>Utiliza\u00e7\u00e3o das suas informa\u00e7\u00f5es pessoais<\/b><\/p>\n<p><\/p>\n<p><\/p>\n<p>Utilizamos as informa\u00e7\u00f5es pessoais que recolhemos para lhe prestar um melhor servi\u00e7o, para responder aos seus pedidos e para lhe enviar informa\u00e7\u00f5es sobre os nossos produtos e servi\u00e7os. Tamb\u00e9m podemos utilizar as suas informa\u00e7\u00f5es pessoais para lhe enviar e-mails de marketing, mediante o seu consentimento.<\/p>\n<p><\/p>\n<p><\/p>\n<p><b>Partilhar a sua informa\u00e7\u00e3o pessoal<\/b><\/p>\n<p><\/p>\n<p><\/p>\n<p>A Ohlala Placements n\u00e3o partilhar\u00e1 as suas informa\u00e7\u00f5es pessoais com terceiros, a menos que tal seja necess\u00e1rio para prestar um servi\u00e7o ou para cumprir as leis e regulamentos aplic\u00e1veis.<\/p>\n<p><\/p>\n<p><\/p>\n<p><b>Protec\u00e7\u00e3o das suas informa\u00e7\u00f5es pessoais<\/b><\/p>\n<p><\/p>\n<p><\/p>\n<p>A Ohlala Placements implementa medidas de seguran\u00e7a adequadas para proteger as suas informa\u00e7\u00f5es pessoais contra perda, utiliza\u00e7\u00e3o indevida, acesso n\u00e3o autorizado, altera\u00e7\u00e3o e destrui\u00e7\u00e3o.<\/p>\n<p><\/p>\n<p><\/p>\n<p><b>Os seus direitos<\/b><\/p>\n<p><\/p>\n<p><\/p>\n<p>Vous avez le droit de demander une copie de vos informations personnelles en notre possession et de demander la correction de toute information erron\u00e9e. Vous pouvez \u00e9galement vous opposer \u00e0 l&rsquo;utilisation de vos informations personnelles pour des fins de marketing direct en contactant Ohlala Placements \u00e0 l&rsquo;adresse suivante : info@ohlalaplacements.com.<\/p>\n<p><\/p>\n<p><\/p>\n<p><b>Actualiza\u00e7\u00f5es da pol\u00edtica de privacidade<\/b><\/p>\n<p><\/p>\n<p><\/p>\n<p>A Ohlala Investments pode atualizar esta pol\u00edtica de privacidade periodicamente para refletir altera\u00e7\u00f5es no nosso s\u00edtio Web e na utiliza\u00e7\u00e3o que fazemos das suas informa\u00e7\u00f5es pessoais. Convidamo-lo a consultar esta pol\u00edtica regularmente para se manter informado sobre as medidas que tomamos para proteger as suas informa\u00e7\u00f5es pessoais.<\/p>\n<p><\/p>\t\t\t\t\t\t\t\t<\/div>\n\t\t\t\t<\/div>\n\t\t\t\t<\/div>\n\t\t\t\t\t<\/div>\n\t\t\t\t<\/div>\n\t\t\t\t<\/div>","protected":false},"excerpt":{"rendered":"<p>Politique de&nbsp;confidentialit\u00e9 Ohlala Placements prend tr\u00e8s au s\u00e9rieux la protection de vos informations personnelles. Cette politique de confidentialit\u00e9 a pour but de vous informer sur la mani\u00e8re dont nous collectons, utilisons et prot\u00e9geons vos informations personnelles lorsque vous utilisez notre site web. Informations personnelles collect\u00e9es Ohlala Placements peut collecter des informations personnelles telles que votre [&hellip;]<\/p>\n","protected":false},"author":3,"featured_media":0,"parent":0,"menu_order":0,"comment_status":"closed","ping_status":"closed","template":"","meta":{"footnotes":""},"class_list":["post-48","page","type-page","status-publish","hentry"],"_links":{"self":[{"href":"https:\/\/ohlalaplacements.com\/pt\/wp-json\/wp\/v2\/pages\/48","targetHints":{"allow":["GET"]}}],"collection":[{"href":"https:\/\/ohlalaplacements.com\/pt\/wp-json\/wp\/v2\/pages"}],"about":[{"href":"https:\/\/ohlalaplacements.com\/pt\/wp-json\/wp\/v2\/types\/page"}],"author":[{"embeddable":true,"href":"https:\/\/ohlalaplacements.com\/pt\/wp-json\/wp\/v2\/users\/3"}],"replies":[{"embeddable":true,"href":"https:\/\/ohlalaplacements.com\/pt\/wp-json\/wp\/v2\/comments?post=48"}],"version-history":[{"count":0,"href":"https:\/\/ohlalaplacements.com\/pt\/wp-json\/wp\/v2\/pages\/48\/revisions"}],"wp:attachment":[{"href":"https:\/\/ohlalaplacements.com\/pt\/wp-json\/wp\/v2\/media?parent=48"}],"curies":[{"name":"wp","href":"https:\/\/api.w.org\/{rel}","templated":true}]}}